{"id":73082,"date":"2015-03-02T04:38:49","date_gmt":"2015-03-02T04:38:49","guid":{"rendered":"http:\/\/structure.thememove.com\/01\/?page_id=61"},"modified":"2023-08-09T13:12:51","modified_gmt":"2023-08-09T13:12:51","slug":"about-us","status":"publish","type":"page","link":"https:\/\/www.intelliclass.pl\/?page_id=73082&lang=pl","title":{"rendered":"O Nas"},"content":{"rendered":"<div  class=\"vc_row wpb_row   \" style=\"\"><div class=\" boxed\"><div class=\"container\"><div class=\"row\"><div class=\"wpb_column vc_column_container col-sm-6 col-lg-6\"><div class=\"wpb_wrapper\">\n\t<div class=\"wpb_text_column wpb_content_element \">\n\t\t<div class=\"wpb_wrapper\">\n\t\t\t<p><img decoding=\"async\" loading=\"lazy\" class=\"alignnone wp-image-73248 size-full\" src=\"https:\/\/www.intelliclass.pl\/wp-content\/uploads\/2015\/03\/29880489_s-370x264.jpg\" alt=\"29880489_s 370x264\" width=\"370\" height=\"264\" srcset=\"https:\/\/www.intelliclass.pl\/wp-content\/uploads\/2015\/03\/29880489_s-370x264.jpg 370w, https:\/\/www.intelliclass.pl\/wp-content\/uploads\/2015\/03\/29880489_s-370x264-300x214.jpg 300w\" sizes=\"(max-width: 370px) 100vw, 370px\" \/><\/p>\n\n\t\t<\/div> \n\t<\/div> \t<div class=\"vc_empty_space\"  style=\"height: 30px\" ><span\r\n\t\t\tclass=\"vc_empty_space_inner\"><\/span><\/div>\r\n\n<div class=\"vc_custom_heading heading-title\" ><h3 style=\"text-align: left\" >Kim jeste\u015bmy?<\/h3><\/div>\n\t<div class=\"wpb_text_column wpb_content_element \">\n\t\t<div class=\"wpb_wrapper\">\n\t\t\t<p><strong>Korzenie i Tradycja<\/strong>: Jako 100% polska firma, jeste\u015bmy dumni z naszych korzeni i warto\u015bci, kt\u00f3re reprezentujemy. Nasza obecno\u015b\u0107 na rynku od 2005 roku nie jest wynikiem przypadku. To lata zaanga\u017cowania, pasji i nieustaj\u0105cej ch\u0119ci dostarczania innowacyjnych rozwi\u0105za\u0144. Przez ten czas zdobyli\u015bmy zaufanie wielu Klient\u00f3w, co \u015bwiadczy o naszej stabilno\u015bci i solidnym fundamencie na rynku IT.<\/p>\n<p><strong>Indywidualne Podej\u015bcie<\/strong>: Zdajemy sobie spraw\u0119, \u017ce ka\u017cdy Klient jest wyj\u0105tkowy i posiada indywidualne potrzeby. Dlatego specjalizujemy si\u0119 w tworzeniu oprogramowania na miar\u0119, dostosowanego precyzyjnie do wymaga\u0144 ka\u017cdego zleceniodawcy. Nasz zesp\u00f3\u0142 ekspert\u00f3w jest gotowy, by sprosta\u0107 najbardziej skomplikowanym wyzwaniom, przekszta\u0142caj\u0105c je w funkcjonalne i intuicyjne rozwi\u0105zania.<\/p>\n<p><strong>Gwarancja Najwy\u017cszej Jako\u015bci<\/strong>: Nie uznajemy kompromis\u00f3w, je\u015bli chodzi o jako\u015b\u0107 naszych us\u0142ug. Wsp\u00f3\u0142pracuj\u0105c z nami, masz pewno\u015b\u0107, \u017ce otrzymujesz produkt najwy\u017cszej klasy. Nasze oprogramowanie przechodzi rygorystyczne testy i kontrole, aby spe\u0142nia\u0107 najwy\u017csze standardy bran\u017cowe.<\/p>\n<p><strong>Wsparcie na Ka\u017cdym Etapie<\/strong>: Nasza wsp\u00f3\u0142praca z Klientem nie ko\u0144czy si\u0119 na dostarczeniu produktu. Zapewniamy kompleksowe wsparcie powdro\u017ceniowe, aby\u015b m\u00f3g\u0142 w pe\u0142ni wykorzysta\u0107 potencja\u0142 naszych rozwi\u0105za\u0144. Dodatkowo oferujemy specjalistyczne doradztwo dotycz\u0105ce ca\u0142ego cyklu \u017cycia produktu, pomagaj\u0105c w optymalizacji proces\u00f3w i wykorzystaniu mo\u017cliwo\u015bci naszego oprogramowania.<\/p>\n<p><strong>Zaufanie i renoma na rynku<\/strong>: Lata do\u015bwiadczenia przek\u0142adaj\u0105 si\u0119 na nasz\u0105 pozycj\u0119 jako lidera w bran\u017cy oprogramowania na zam\u00f3wienie. Jeste\u015bmy firm\u0105, kt\u00f3rej Klienci ufaj\u0105, polegaj\u0105c na naszym do\u015bwiadczeniu, wiedzy i innowacyjno\u015bci.<\/p>\n<p><strong>Do\u0142\u0105cz do grona zadowolonych Klient\u00f3w<\/strong>: Nie czekaj d\u0142u\u017cej. Pozw\u00f3l nam sta\u0107 si\u0119 partnerem w Twoim sukcesie, dostarczaj\u0105c rozwi\u0105zania dopasowane do Twoich potrzeb. Jeste\u015bmy tu, aby pom\u00f3c Ci osi\u0105gn\u0105\u0107 sukces w dynamicznie zmieniaj\u0105cym si\u0119 \u015bwiecie technologii. Wybierz jako\u015b\u0107, do\u015bwiadczenie i zaufanie &#8211; wybierz Nas.<\/p>\n\n\t\t<\/div> \n\t<\/div> <\/div><\/div><div class=\"wpb_column vc_column_container col-sm-6 col-lg-6\"><div class=\"wpb_wrapper\">\n\t<div class=\"wpb_text_column wpb_content_element \">\n\t\t<div class=\"wpb_wrapper\">\n\t\t\t<p><img decoding=\"async\" loading=\"lazy\" class=\"alignnone wp-image-73250 size-full\" src=\"https:\/\/www.intelliclass.pl\/wp-content\/uploads\/2015\/03\/19959991_s-370x264.jpg\" alt=\"19959991_s 370x264\" width=\"370\" height=\"264\" srcset=\"https:\/\/www.intelliclass.pl\/wp-content\/uploads\/2015\/03\/19959991_s-370x264.jpg 370w, https:\/\/www.intelliclass.pl\/wp-content\/uploads\/2015\/03\/19959991_s-370x264-300x214.jpg 300w\" sizes=\"(max-width: 370px) 100vw, 370px\" \/><\/p>\n\n\t\t<\/div> \n\t<\/div> \t<div class=\"vc_empty_space\"  style=\"height: 30px\" ><span\r\n\t\t\tclass=\"vc_empty_space_inner\"><\/span><\/div>\r\n\n<div class=\"vc_custom_heading heading-title\" ><h3 style=\"text-align: left\" >Czym si\u0119 zajmujemy?<\/h3><\/div>\n\t<div class=\"wpb_text_column wpb_content_element \">\n\t\t<div class=\"wpb_wrapper\">\n\t\t\t<p><strong>Jeste\u015bmy specjalistami w dziedzinie system\u00f3w informatycznych, a konkretnie w obszarze oprogramowania ERP.<\/strong> Nasza pasja i ekspertyza koncentruje si\u0119 na wdra\u017caniu oraz obs\u0142udze najnowszej wersji oprogramowania ERP &#8211; wersji 4.<\/p>\n<p><strong>Czym w praktyce jest ten system?<\/strong> To zaawansowane narz\u0119dzie, kt\u00f3re pozwala przedsi\u0119biorstwom na efektywne zarz\u0105dzanie produkcj\u0105, magazynem oraz przep\u0142ywem informacji w obr\u0119bie organizacji.<\/p>\n<p><strong>Dlaczego system ERP wersji 4 jest tak ceniony w \u015brodowisku biznesowym?<\/strong> G\u0142\u00f3wnie dlatego, \u017ce stanowi odpowied\u017a na wsp\u00f3\u0142czesne wyzwania rynkowe. Jego funkcjonalno\u015b\u0107 pozwala na precyzyjne raportowanie, dok\u0142adn\u0105 ewidencj\u0119 produkcji, a tak\u017ce skuteczne zarz\u0105dzanie procesami biznesowymi. Co wa\u017cne, uniwersalno\u015b\u0107 tego systemu sprawia, \u017ce sprawdza si\u0119 on w wielu przedsi\u0119biorstwach, niezale\u017cnie od sektora przemys\u0142u, w kt\u00f3rym dzia\u0142aj\u0105. Dzi\u0119ki temu firmy z r\u00f3\u017cnych bran\u017c mog\u0105 czerpa\u0107 korzy\u015bci z wdro\u017cenia tego nowoczesnego rozwi\u0105zania.<\/p>\n<p><strong>W\u0142a\u015bnie tutaj pojawia si\u0119 nasza rola.<\/strong> Jako ekspert w dziedzinie system\u00f3w ERP, gwarantujemy nie tylko profesjonalne wdro\u017cenie, ale r\u00f3wnie\u017c wsparcie na ka\u017cdym etapie korzystania z systemu. Nasza wiedza i do\u015bwiadczenie to gwarancja bezproblemowego funkcjonowania systemu w Twojej firmie. To tak\u017ce pewno\u015b\u0107, \u017ce potrafimy dostosowa\u0107 si\u0119 do indywidualnych potrzeb ka\u017cdego Klienta.<\/p>\n<p><strong>Ale nasza oferta nie ko\u0144czy si\u0119 tylko na systemach ERP.<\/strong> Jeste\u015bmy r\u00f3wnie\u017c otwarci na indywidualne potrzeby Klient\u00f3w, dlatego wytwarzamy oprogramowanie na konkretne zlecenie. Dzi\u0119ki temu mo\u017cemy dostarczy\u0107 rozwi\u0105zania, kt\u00f3re w 100% odpowiadaj\u0105 specyfice i wymaganiom Twojego biznesu.<\/p>\n<p>Podsumowuj\u0105c, je\u015bli poszukujesz niezawodnych rozwi\u0105za\u0144 informatycznych, kt\u00f3re pomog\u0105 w efektywnym zarz\u0105dzaniu Twoj\u0105 firm\u0105, jeste\u015bmy tu dla Ciebie. <strong>Nasza wiedza, do\u015bwiadczenie i indywidualne podej\u015bcie do ka\u017cdego projektu to gwarancja satysfakcji. Zapraszamy do wsp\u00f3\u0142pracy!<\/strong><\/p>\n\n\t\t<\/div> \n\t<\/div> <\/div><\/div><\/div><\/div><\/div><\/div><div  class=\"vc_row wpb_row   \" style=\"\"><div class=\" boxed\"><div class=\"container\"><div class=\"row\"><div class=\"wpb_column vc_column_container col-sm-12 col-lg-12\"><div class=\"wpb_wrapper\">\t<div class=\"vc_empty_space\"  style=\"height: 30px\" ><span\r\n\t\t\tclass=\"vc_empty_space_inner\"><\/span><\/div>\r\n\n<div class=\"vc_custom_heading heading-title\" ><h3 style=\"text-align: left\" >Nasza historia<\/h3><\/div><div class=\"vc_row wpb_row vc_inner\"><div class=\"wpb_column vc_column_container col-sm-3 col-lg-3\"><div class=\"wpb_wrapper\">\n\t<div class=\"wpb_text_column wpb_content_element \">\n\t\t<div class=\"wpb_wrapper\">\n\t\t\t<p><img decoding=\"async\" loading=\"lazy\" class=\"aligncenter wp-image-73254 size-thumbnail\" src=\"https:\/\/www.intelliclass.pl\/wp-content\/uploads\/2015\/03\/7764052_s-300x263-150x150.jpg\" alt=\"7764052_s 300x263\" width=\"150\" height=\"150\" srcset=\"https:\/\/www.intelliclass.pl\/wp-content\/uploads\/2015\/03\/7764052_s-300x263-150x150.jpg 150w, https:\/\/www.intelliclass.pl\/wp-content\/uploads\/2015\/03\/7764052_s-300x263-100x100.jpg 100w\" sizes=\"(max-width: 150px) 100vw, 150px\" \/><\/p>\n\n\t\t<\/div> \n\t<\/div> <\/div><\/div><div class=\"wpb_column vc_column_container col-sm-3 col-lg-3\"><div class=\"wpb_wrapper\">\n\t<div class=\"wpb_text_column wpb_content_element \">\n\t\t<div class=\"wpb_wrapper\">\n\t\t\t<p><img decoding=\"async\" loading=\"lazy\" class=\"aligncenter wp-image-73252 size-thumbnail\" src=\"https:\/\/www.intelliclass.pl\/wp-content\/uploads\/2015\/03\/14615800_s-370x264-150x150.jpg\" alt=\"14615800_s 370x264\" width=\"150\" height=\"150\" srcset=\"https:\/\/www.intelliclass.pl\/wp-content\/uploads\/2015\/03\/14615800_s-370x264-150x150.jpg 150w, https:\/\/www.intelliclass.pl\/wp-content\/uploads\/2015\/03\/14615800_s-370x264-100x100.jpg 100w\" sizes=\"(max-width: 150px) 100vw, 150px\" \/><\/p>\n\n\t\t<\/div> \n\t<\/div> <\/div><\/div><div class=\"wpb_column vc_column_container col-sm-3 col-lg-3\"><div class=\"wpb_wrapper\">\n\t<div class=\"wpb_text_column wpb_content_element \">\n\t\t<div class=\"wpb_wrapper\">\n\t\t\t<p><img decoding=\"async\" loading=\"lazy\" class=\"aligncenter wp-image-73245 size-thumbnail\" src=\"https:\/\/www.intelliclass.pl\/wp-content\/uploads\/2015\/04\/22530774_s-150x150.jpg\" alt=\"22530774_s\" width=\"150\" height=\"150\" srcset=\"https:\/\/www.intelliclass.pl\/wp-content\/uploads\/2015\/04\/22530774_s-150x150.jpg 150w, https:\/\/www.intelliclass.pl\/wp-content\/uploads\/2015\/04\/22530774_s-300x300.jpg 300w, https:\/\/www.intelliclass.pl\/wp-content\/uploads\/2015\/04\/22530774_s-100x100.jpg 100w\" sizes=\"(max-width: 150px) 100vw, 150px\" \/><\/p>\n\n\t\t<\/div> \n\t<\/div> <\/div><\/div><div class=\"wpb_column vc_column_container col-sm-3 col-lg-3\"><div class=\"wpb_wrapper\">\n\t<div class=\"wpb_text_column wpb_content_element \">\n\t\t<div class=\"wpb_wrapper\">\n\t\t\t<p><del><img decoding=\"async\" loading=\"lazy\" class=\"aligncenter wp-image-73266 size-thumbnail\" src=\"https:\/\/www.intelliclass.pl\/wp-content\/uploads\/2015\/03\/20665012_s-450x300-150x150.jpg\" alt=\"20665012_s 450x300\" width=\"150\" height=\"150\" srcset=\"https:\/\/www.intelliclass.pl\/wp-content\/uploads\/2015\/03\/20665012_s-450x300-150x150.jpg 150w, https:\/\/www.intelliclass.pl\/wp-content\/uploads\/2015\/03\/20665012_s-450x300-300x300.jpg 300w, https:\/\/www.intelliclass.pl\/wp-content\/uploads\/2015\/03\/20665012_s-450x300-100x100.jpg 100w\" sizes=\"(max-width: 150px) 100vw, 150px\" \/><\/del><\/p>\n\n\t\t<\/div> \n\t<\/div> <\/div><\/div><div class=\"wpb_column vc_column_container col-sm-3 col-lg-3\"><div class=\"wpb_wrapper\">\n\t<div class=\"wpb_text_column wpb_content_element \">\n\t\t<div class=\"wpb_wrapper\">\n\t\t\t<p><del><img decoding=\"async\" loading=\"lazy\" class=\"wp-image-73250 size-thumbnail aligncenter\" src=\"https:\/\/www.intelliclass.pl\/wp-content\/uploads\/2015\/03\/19959991_s-370x264-150x150.jpg\" alt=\"\" width=\"150\" height=\"150\" srcset=\"https:\/\/www.intelliclass.pl\/wp-content\/uploads\/2015\/03\/19959991_s-370x264-150x150.jpg 150w, https:\/\/www.intelliclass.pl\/wp-content\/uploads\/2015\/03\/19959991_s-370x264-100x100.jpg 100w\" sizes=\"(max-width: 150px) 100vw, 150px\" \/><\/del><\/p>\n\n\t\t<\/div> \n\t<\/div> <\/div><\/div><\/div>\t<div class=\"vc_empty_space\"  style=\"height: 30px\" ><span\r\n\t\t\tclass=\"vc_empty_space_inner\"><\/span><\/div>\r\n\n<div class=\"vc_row wpb_row vc_inner align-center hidden-xs hidden-sm\"><div class=\"wpb_column vc_column_container col-sm-12 col-lg-12\"><div class=\"wpb_wrapper\">\n\t<div class=\"wpb_text_column wpb_content_element \">\n\t\t<div class=\"wpb_wrapper\">\n\t\t\t<p><img decoding=\"async\" loading=\"lazy\" class=\"alignnone wp-image-73280\" src=\"https:\/\/www.intelliclass.pl\/wp-content\/uploads\/2015\/03\/photo14.jpg\" alt=\"\" width=\"950\" height=\"19\" srcset=\"https:\/\/www.intelliclass.pl\/wp-content\/uploads\/2015\/03\/photo14.jpg 918w, https:\/\/www.intelliclass.pl\/wp-content\/uploads\/2015\/03\/photo14-600x12.jpg 600w, https:\/\/www.intelliclass.pl\/wp-content\/uploads\/2015\/03\/photo14-300x6.jpg 300w, https:\/\/www.intelliclass.pl\/wp-content\/uploads\/2015\/03\/photo14-848x18.jpg 848w\" sizes=\"(max-width: 950px) 100vw, 950px\" \/><\/p>\n\n\t\t<\/div> \n\t<\/div> \t<div class=\"vc_empty_space\"  style=\"height: 30px\" ><span\r\n\t\t\tclass=\"vc_empty_space_inner\"><\/span><\/div>\r\n\n<\/div><\/div><\/div><div class=\"vc_row wpb_row vc_inner align-center\"><div class=\"wpb_column vc_column_container col-sm-3 col-lg-3\"><div class=\"wpb_wrapper\">\n\t<div class=\"wpb_text_column wpb_content_element \">\n\t\t<div class=\"wpb_wrapper\">\n\t\t\t<h5>2005<\/h5>\n<p><strong>ROZPOCZ\u0118CIE DZIA\u0141ALNO\u015aCI<br \/>\n<\/strong><\/p>\n\n\t\t<\/div> \n\t<\/div> <\/div><\/div><div class=\"wpb_column vc_column_container col-sm-3 col-lg-3\"><div class=\"wpb_wrapper\">\n\t<div class=\"wpb_text_column wpb_content_element \">\n\t\t<div class=\"wpb_wrapper\">\n\t\t\t<h5>2011<\/h5>\n<p><strong>POCZ\u0104TEK BUDOWY ERP<br \/>\n<\/strong><\/p>\n\n\t\t<\/div> \n\t<\/div> <\/div><\/div><div class=\"wpb_column vc_column_container col-sm-3 col-lg-3\"><div class=\"wpb_wrapper\">\n\t<div class=\"wpb_text_column wpb_content_element \">\n\t\t<div class=\"wpb_wrapper\">\n\t\t\t<h5>2014<\/h5>\n<p><strong>KOMERCYJNE APLIKACJE MOBILNE<br \/>\n<\/strong><\/p>\n\n\t\t<\/div> \n\t<\/div> <\/div><\/div><div class=\"wpb_column vc_column_container col-sm-3 col-lg-3\"><div class=\"wpb_wrapper\">\n\t<div class=\"wpb_text_column wpb_content_element \">\n\t\t<div class=\"wpb_wrapper\">\n\t\t\t<h5>2021<\/h5>\n<p><strong>POCZ\u0104TEK REORGANIZACJI WERSJI 4<br \/>\n<\/strong><\/p>\n\n\t\t<\/div> \n\t<\/div> <\/div><\/div><div class=\"wpb_column vc_column_container col-sm-3 col-lg-3\"><div class=\"wpb_wrapper\">\n\t<div class=\"wpb_text_column wpb_content_element \">\n\t\t<div class=\"wpb_wrapper\">\n\t\t\t<h5>2022<\/h5>\n<p><strong>STABILNA WERSJA 4<br \/>\n<\/strong><\/p>\n\n\t\t<\/div> \n\t<\/div> <\/div><\/div><div class=\"wpb_column vc_column_container col-sm-3 col-lg-3\"><div class=\"wpb_wrapper\"><\/div><\/div><br \/>\n<\/div>\t<div class=\"vc_empty_space\"  style=\"height: 70px\" ><span\r\n\t\t\tclass=\"vc_empty_space_inner\"><\/span><\/div>\r\n\n<\/div><\/div><\/div><\/div><\/div><\/div>\n","protected":false},"excerpt":{"rendered":"Kim jeste\u015bmy? Korzenie i Tradycja: Jako 100% polska firma, jeste\u015bmy dumni z naszych korzeni i warto\u015bci, kt\u00f3re reprezentujemy. Nasza obecno\u015b\u0107 na rynku od 2005 roku nie jest wynikiem przypadku. To lata zaanga\u017cowania, pasji i nieustaj\u0105cej ch\u0119ci dostarczania innowacyjnych rozwi\u0105za\u0144. Przez ten czas zdobyli\u015bmy zaufanie wielu Klient\u00f3w, co \u015bwiadczy o naszej stabilno\u015bci i solidnym fundamencie na [...]","protected":false},"author":1,"featured_media":0,"parent":0,"menu_order":0,"comment_status":"closed","ping_status":"closed","template":"","meta":[],"yoast_head":"<!-- This site is optimized with the Yoast SEO plugin v20.13 - https:\/\/yoast.com\/wordpress\/plugins\/seo\/ -->\n<title>O Nas - IntelliClass Software<\/title>\n<meta name=\"robots\" content=\"index, follow, max-snippet:-1, max-image-preview:large, max-video-preview:-1\" \/>\n<link rel=\"canonical\" href=\"https:\/\/www.intelliclass.pl\/?page_id=73082&lang=pl\" \/>\n<meta property=\"og:locale\" content=\"pl_PL\" \/>\n<meta property=\"og:type\" content=\"article\" \/>\n<meta property=\"og:title\" content=\"O Nas - IntelliClass Software\" \/>\n<meta property=\"og:url\" content=\"https:\/\/www.intelliclass.pl\/?page_id=73082&amp;lang=pl\" \/>\n<meta property=\"og:site_name\" content=\"IntelliClass Software\" \/>\n<meta property=\"article:modified_time\" content=\"2023-08-09T13:12:51+00:00\" \/>\n<meta property=\"og:image\" content=\"https:\/\/www.intelliclass.pl\/wp-content\/uploads\/2015\/03\/29880489_s-370x264.jpg\" \/>\n<meta name=\"twitter:card\" content=\"summary_large_image\" \/>\n<meta name=\"twitter:label1\" content=\"Szacowany czas czytania\" \/>\n\t<meta name=\"twitter:data1\" content=\"5 minut\" \/>\n<script type=\"application\/ld+json\" class=\"yoast-schema-graph\">{\"@context\":\"https:\/\/schema.org\",\"@graph\":[{\"@type\":\"WebPage\",\"@id\":\"https:\/\/www.intelliclass.pl\/?page_id=73082&lang=pl\",\"url\":\"https:\/\/www.intelliclass.pl\/?page_id=73082&lang=pl\",\"name\":\"O Nas - IntelliClass Software\",\"isPartOf\":{\"@id\":\"https:\/\/www.intelliclass.pl\/#website\"},\"datePublished\":\"2015-03-02T04:38:49+00:00\",\"dateModified\":\"2023-08-09T13:12:51+00:00\",\"breadcrumb\":{\"@id\":\"https:\/\/www.intelliclass.pl\/?page_id=73082&lang=pl#breadcrumb\"},\"inLanguage\":\"pl-PL\",\"potentialAction\":[{\"@type\":\"ReadAction\",\"target\":[\"https:\/\/www.intelliclass.pl\/?page_id=73082&lang=pl\"]}]},{\"@type\":\"BreadcrumbList\",\"@id\":\"https:\/\/www.intelliclass.pl\/?page_id=73082&lang=pl#breadcrumb\",\"itemListElement\":[{\"@type\":\"ListItem\",\"position\":1,\"name\":\"Home\",\"item\":\"https:\/\/www.intelliclass.pl\/?page_id=70000&lang=pl\"},{\"@type\":\"ListItem\",\"position\":2,\"name\":\"O Nas\"}]},{\"@type\":\"WebSite\",\"@id\":\"https:\/\/www.intelliclass.pl\/#website\",\"url\":\"https:\/\/www.intelliclass.pl\/\",\"name\":\"IntelliClass Software\",\"description\":\"IntelliClass Software solution\",\"publisher\":{\"@id\":\"https:\/\/www.intelliclass.pl\/#organization\"},\"potentialAction\":[{\"@type\":\"SearchAction\",\"target\":{\"@type\":\"EntryPoint\",\"urlTemplate\":\"https:\/\/www.intelliclass.pl\/?s={search_term_string}\"},\"query-input\":\"required name=search_term_string\"}],\"inLanguage\":\"pl-PL\"},{\"@type\":\"Organization\",\"@id\":\"https:\/\/www.intelliclass.pl\/#organization\",\"name\":\"IntelliClass Software\",\"url\":\"https:\/\/www.intelliclass.pl\/\",\"logo\":{\"@type\":\"ImageObject\",\"inLanguage\":\"pl-PL\",\"@id\":\"https:\/\/www.intelliclass.pl\/#\/schema\/logo\/image\/\",\"url\":\"https:\/\/www.intelliclass.pl\/wp-content\/uploads\/2023\/08\/logo2.png\",\"contentUrl\":\"https:\/\/www.intelliclass.pl\/wp-content\/uploads\/2023\/08\/logo2.png\",\"width\":527,\"height\":132,\"caption\":\"IntelliClass Software\"},\"image\":{\"@id\":\"https:\/\/www.intelliclass.pl\/#\/schema\/logo\/image\/\"}}]}<\/script>\n<!-- \/ Yoast SEO plugin. -->","yoast_head_json":{"title":"O Nas - IntelliClass Software","robots":{"index":"index","follow":"follow","max-snippet":"max-snippet:-1","max-image-preview":"max-image-preview:large","max-video-preview":"max-video-preview:-1"},"canonical":"https:\/\/www.intelliclass.pl\/?page_id=73082&lang=pl","og_locale":"pl_PL","og_type":"article","og_title":"O Nas - IntelliClass Software","og_url":"https:\/\/www.intelliclass.pl\/?page_id=73082&lang=pl","og_site_name":"IntelliClass Software","article_modified_time":"2023-08-09T13:12:51+00:00","og_image":[{"url":"https:\/\/www.intelliclass.pl\/wp-content\/uploads\/2015\/03\/29880489_s-370x264.jpg"}],"twitter_card":"summary_large_image","twitter_misc":{"Szacowany czas czytania":"5 minut"},"schema":{"@context":"https:\/\/schema.org","@graph":[{"@type":"WebPage","@id":"https:\/\/www.intelliclass.pl\/?page_id=73082&lang=pl","url":"https:\/\/www.intelliclass.pl\/?page_id=73082&lang=pl","name":"O Nas - IntelliClass Software","isPartOf":{"@id":"https:\/\/www.intelliclass.pl\/#website"},"datePublished":"2015-03-02T04:38:49+00:00","dateModified":"2023-08-09T13:12:51+00:00","breadcrumb":{"@id":"https:\/\/www.intelliclass.pl\/?page_id=73082&lang=pl#breadcrumb"},"inLanguage":"pl-PL","potentialAction":[{"@type":"ReadAction","target":["https:\/\/www.intelliclass.pl\/?page_id=73082&lang=pl"]}]},{"@type":"BreadcrumbList","@id":"https:\/\/www.intelliclass.pl\/?page_id=73082&lang=pl#breadcrumb","itemListElement":[{"@type":"ListItem","position":1,"name":"Home","item":"https:\/\/www.intelliclass.pl\/?page_id=70000&lang=pl"},{"@type":"ListItem","position":2,"name":"O Nas"}]},{"@type":"WebSite","@id":"https:\/\/www.intelliclass.pl\/#website","url":"https:\/\/www.intelliclass.pl\/","name":"IntelliClass Software","description":"IntelliClass Software solution","publisher":{"@id":"https:\/\/www.intelliclass.pl\/#organization"},"potentialAction":[{"@type":"SearchAction","target":{"@type":"EntryPoint","urlTemplate":"https:\/\/www.intelliclass.pl\/?s={search_term_string}"},"query-input":"required name=search_term_string"}],"inLanguage":"pl-PL"},{"@type":"Organization","@id":"https:\/\/www.intelliclass.pl\/#organization","name":"IntelliClass Software","url":"https:\/\/www.intelliclass.pl\/","logo":{"@type":"ImageObject","inLanguage":"pl-PL","@id":"https:\/\/www.intelliclass.pl\/#\/schema\/logo\/image\/","url":"https:\/\/www.intelliclass.pl\/wp-content\/uploads\/2023\/08\/logo2.png","contentUrl":"https:\/\/www.intelliclass.pl\/wp-content\/uploads\/2023\/08\/logo2.png","width":527,"height":132,"caption":"IntelliClass Software"},"image":{"@id":"https:\/\/www.intelliclass.pl\/#\/schema\/logo\/image\/"}}]}},"_links":{"self":[{"href":"https:\/\/www.intelliclass.pl\/index.php?rest_route=\/wp\/v2\/pages\/73082"}],"collection":[{"href":"https:\/\/www.intelliclass.pl\/index.php?rest_route=\/wp\/v2\/pages"}],"about":[{"href":"https:\/\/www.intelliclass.pl\/index.php?rest_route=\/wp\/v2\/types\/page"}],"author":[{"embeddable":true,"href":"https:\/\/www.intelliclass.pl\/index.php?rest_route=\/wp\/v2\/users\/1"}],"replies":[{"embeddable":true,"href":"https:\/\/www.intelliclass.pl\/index.php?rest_route=%2Fwp%2Fv2%2Fcomments&post=73082"}],"version-history":[{"count":28,"href":"https:\/\/www.intelliclass.pl\/index.php?rest_route=\/wp\/v2\/pages\/73082\/revisions"}],"predecessor-version":[{"id":74087,"href":"https:\/\/www.intelliclass.pl\/index.php?rest_route=\/wp\/v2\/pages\/73082\/revisions\/74087"}],"wp:attachment":[{"href":"https:\/\/www.intelliclass.pl\/index.php?rest_route=%2Fwp%2Fv2%2Fmedia&parent=73082"}],"curies":[{"name":"wp","href":"https:\/\/api.w.org\/{rel}","templated":true}]}}